{"id":3465,"date":"2025-04-07T14:15:41","date_gmt":"2025-04-07T13:15:41","guid":{"rendered":"https:\/\/foodforsoul.it\/how-to-donate\/"},"modified":"2025-04-30T11:01:38","modified_gmt":"2025-04-30T10:01:38","slug":"come-donare","status":"publish","type":"page","link":"https:\/\/foodforsoul.it\/it\/come-donare\/","title":{"rendered":"Dona ora"},"content":{"rendered":"\n<div class=\"wp-block-create-block-t99-block-gutenberg-slider pattern-hero-home\"><div class=\"swiper sliderBlock\" data-slides-number=\"1\" data-slides-spazio=\"10\" data-slides-velocity=\"400\" data-slides-loop=\"true\" data-slides-rewind=\"false\" data-slides-fade=\"fade\" data-slides-freccie=\"false\" data-slides-paginazione=\"true\" data-slides-toolbar=\"false\" data-slides-lightbox=\"false\" data-slides-autoplay=\"true\" data-slides-time=\"5000\" data-slides-interaction=\"false\" data-slides-hover=\"false\" data-extra-rules=\"\" data-altezza-uguale=\"false\"><div class=\"swiper-wrapper\">\n<div class=\"wp-block-cover swiper-slide\" style=\"min-height:100vh;aspect-ratio:unset;\"><img loading=\"lazy\" decoding=\"async\" width=\"1024\" height=\"682\" class=\"wp-block-cover__image-background wp-image-2071 size-large\" alt=\"\" src=\"https:\/\/foodforsoul.it\/wp-content\/uploads\/2025\/04\/food_for_soul_home_slider_03-1024x682.jpg\" style=\"object-position:50% 34%\" data-object-fit=\"cover\" data-object-position=\"50% 34%\" srcset=\"https:\/\/foodforsoul.it\/wp-content\/uploads\/2025\/04\/food_for_soul_home_slider_03-1024x682.jpg 1024w, https:\/\/foodforsoul.it\/wp-content\/uploads\/2025\/04\/food_for_soul_home_slider_03-300x200.jpg 300w, https:\/\/foodforsoul.it\/wp-content\/uploads\/2025\/04\/food_for_soul_home_slider_03-768x512.jpg 768w, https:\/\/foodforsoul.it\/wp-content\/uploads\/2025\/04\/food_for_soul_home_slider_03-1536x1024.jpg 1536w, https:\/\/foodforsoul.it\/wp-content\/uploads\/2025\/04\/food_for_soul_home_slider_03.jpg 2000w\" sizes=\"auto, (max-width: 1024px) 100vw, 1024px\" \/><span aria-hidden=\"true\" class=\"wp-block-cover__background has-background-dim-60 has-background-dim wp-block-cover__gradient-background has-background-gradient has-grad-uno-gradient-background\"><\/span><div class=\"wp-block-cover__inner-container has-global-padding is-layout-constrained wp-container-core-cover-is-layout-19e250f3 wp-block-cover-is-layout-constrained\">\n<div class=\"wp-block-group has-global-padding is-content-justification-left is-layout-constrained wp-container-core-group-is-layout-5f3f9089 wp-block-group-is-layout-constrained\" style=\"padding-right:0;padding-left:0\"><h2 style=\"text-transform:uppercase;\" class=\"has-link-color wp-elements-b4f00d4c72c3af84471963a34664ae4a wp-block-post-title has-text-color has-custom-tre-color has-pretitolo-font-size\">Dona ora<\/h2>\n\n\n<div style=\"height:15px\" aria-hidden=\"true\" class=\"wp-block-spacer\"><\/div>\n\n\n\n<h1 class=\"wp-block-heading has-text-align-left has-custom-tre-color has-text-color has-link-color has-titolo-sezione-font-size wp-elements-3a1b7c34ef1f4e7cdadbafb9e6f64ad1\">La tua donazione ci aiuter\u00e0 a fare la differenza oggi<\/h1>\n<\/div>\n<\/div><\/div>\n<\/div><div class=\"container-paginazione-slider\"><div class=\"swiper-pagination\" style=\"color:#fcf6ed\"><\/div><\/div><\/div><\/div>\n\n\n\n<div class=\"wp-block-group t99-sezione pattern-intro-no-slider has-global-padding is-layout-constrained wp-block-group-is-layout-constrained\" style=\"padding-top:var(--wp--preset--spacing--60);padding-bottom:var(--wp--preset--spacing--40)\">\n<div class=\"wp-block-columns alignwide are-vertically-aligned-top is-layout-flex wp-container-core-columns-is-layout-28232c24 wp-block-columns-is-layout-flex\">\n<div class=\"wp-block-column is-vertically-aligned-top is-layout-flow wp-block-column-is-layout-flow\">\n<div class=\"wp-block-cover is-light is-style-default\" style=\"padding-top:var(--wp--preset--spacing--20);padding-bottom:var(--wp--preset--spacing--20);min-height:100%;aspect-ratio:unset;\"><span aria-hidden=\"true\" class=\"wp-block-cover__background has-custom-bianco-background-color has-background-dim-0 has-background-dim\"><\/span><div class=\"wp-block-cover__inner-container is-layout-flow wp-block-cover-is-layout-flow\">\n<div class=\"wp-block-group has-global-padding is-layout-constrained wp-container-core-group-is-layout-9a5e0684 wp-block-group-is-layout-constrained\" style=\"padding-right:0;padding-left:0\">\n<h2 class=\"wp-block-heading has-custom-uno-color has-text-color has-link-color has-titolo-sezione-font-size wp-elements-0ade3fe39bb107514cf982a799d485db\">Partecipa al cambiamento<\/h2>\n\n\n\n<p class=\"has-paragrafo-font-size\">Il vostro contributo \u00e8 un investimento nella nostra missione di cambiare i comportamenti e trasformare le vite.<\/p>\n\n\n\n<p class=\"\">Attraverso l&#8217;educazione, le iniziative di advocacy e il lavoro collettivo dei progetti di Refettorio in tutto il mondo, promuoviamo un consumo responsabile e comunit\u00e0 socialmente inclusive con la conservazione dell&#8217;ambiente.<\/p>\n\n\n\n<p class=\"\">I nostri programmi agiscono per prevenire lo spreco di cibo, migliorare l&#8217;insicurezza alimentare e l&#8217;inclusione sociale delle persone pi\u00f9 vulnerabili.<\/p>\n\n\n\n<p class=\"\">Ogni giorno i nostri progetti di Refettorio e i nostri partner sono in prima linea per salvare il cibo dallo spreco e per nutrire coloro che affrontano la fame con ospitalit\u00e0, dignit\u00e0 e umanit\u00e0.<\/p>\n\n\n\n<p class=\"has-paragrafo-font-size\">Attraverso il cibo, la costruzione di comunit\u00e0 e l&#8217;impegno civico stiamo lavorando per gettare le basi di una sicurezza alimentare a lungo termine, del benessere e della mobilit\u00e0 economica. La vostra donazione ha l&#8217;impatto necessario per garantire che nessun cibo o persona venga lasciato indietro.<\/p>\n<\/div>\n<\/div><\/div>\n<\/div>\n\n\n\n<div class=\"wp-block-column is-vertically-aligned-top has-custom-bianco-background-color has-background is-layout-flow wp-block-column-is-layout-flow\">\n<div class=\"wp-block-cover is-light is-style-default\" style=\"padding-top:var(--wp--preset--spacing--20);padding-bottom:var(--wp--preset--spacing--20);min-height:100%;aspect-ratio:unset;\"><span aria-hidden=\"true\" class=\"wp-block-cover__background has-custom-bianco-background-color has-background-dim-0 has-background-dim\"><\/span><div class=\"wp-block-cover__inner-container is-layout-flow wp-block-cover-is-layout-flow\">\n<div class=\"wp-block-group has-global-padding is-layout-constrained wp-container-core-group-is-layout-8526586b wp-block-group-is-layout-constrained\" style=\"padding-right:var(--wp--preset--spacing--10);padding-left:var(--wp--preset--spacing--10)\">\n<h2 class=\"wp-block-heading has-text-align-center has-custom-uno-color has-text-color has-link-color has-titolo-sezione-font-size wp-elements-dedf6849b9ce64aceb02a0eb3f3d0fd0\">Fai una donazione<\/h2>\n\n\n\n<div class=\"wp-block-group form-donazione has-global-padding is-layout-constrained wp-container-core-group-is-layout-081cea82 wp-block-group-is-layout-constrained\">\n<div id=\"fr-placed-form-container-42889\" style=\"min-height: 816px;\"><\/div><br\/>\n<\/div>\n<\/div>\n<\/div><\/div>\n<\/div>\n<\/div>\n<\/div>\n\n\n\n<div class=\"wp-block-group pattern-titolo-sezione has-custom-due-background-color has-background has-global-padding is-layout-constrained wp-block-group-is-layout-constrained\" style=\"border-top-color:var(--wp--preset--color--custom-uno);border-top-width:1px;border-bottom-color:var(--wp--preset--color--custom-uno);border-bottom-width:1px;padding-top:var(--wp--preset--spacing--10);padding-bottom:var(--wp--preset--spacing--10)\">\n<div class=\"wp-block-group has-global-padding is-layout-constrained wp-container-core-group-is-layout-bea02a06 wp-block-group-is-layout-constrained\">\n<h2 class=\"wp-block-heading has-text-align-center has-custom-uno-color has-text-color has-link-color has-titolo-sezione-font-size wp-elements-9ff188d32fc94e5ac2a7bbb209c9afbf\" style=\"margin-bottom:10px\">Altri modi per donare<\/h2>\n<\/div>\n<\/div>\n\n\n\n<div class=\"wp-block-group is-style-gruppo-max-width pattern-3-col-fullwidth has-custom-due-background-color has-background is-layout-flow wp-block-group-is-layout-flow\" style=\"margin-top:0;margin-bottom:0;padding-top:0;padding-right:0;padding-bottom:0;padding-left:0\">\n<div class=\"wp-block-columns is-style-bordi is-layout-flex wp-container-core-columns-is-layout-28232c24 wp-block-columns-is-layout-flex\">\n<div class=\"wp-block-column is-vertically-aligned-stretch is-layout-flow wp-block-column-is-layout-flow\" style=\"padding-top:var(--wp--preset--spacing--20);padding-right:var(--wp--preset--spacing--20);padding-bottom:var(--wp--preset--spacing--20);padding-left:var(--wp--preset--spacing--20)\">\n<div class=\"wp-block-group is-style-h-100 is-vertical is-layout-flex wp-container-core-group-is-layout-0bc941e6 wp-block-group-is-layout-flex\">\n<div class=\"wp-block-group has-global-padding is-layout-constrained wp-container-core-group-is-layout-639b5052 wp-block-group-is-layout-constrained\" style=\"padding-top:0;padding-right:0;padding-bottom:0;padding-left:0\">\n<h3 class=\"wp-block-heading has-text-align-left has-titolo-medio-font-size\">Donazioni tramite bonifico bancario<\/h3>\n\n\n\n<p class=\"\"><strong>Food for <\/strong><strong>Food for Soul, ETS, Italy<\/strong><\/p>\n\n\n\n<p class=\"\"><strong>Nome organizzazione:<\/strong><br>Food for Soul, Ets<br><strong>Nome Banca: <\/strong>BPER BANCA S.P.A.<\/p>\n\n\n\n<p class=\"\"><strong>IBAN<\/strong>: IT32U0538712900000002420000<\/p>\n\n\n\n<p class=\"\"><strong>SWIFT\/BIC<\/strong> BPMOIT22XXX<strong>, ETS, Italy<\/strong><\/p>\n<\/div>\n<\/div>\n<\/div>\n\n\n\n<div class=\"wp-block-column is-vertically-aligned-stretch is-layout-flow wp-block-column-is-layout-flow\" style=\"padding-top:var(--wp--preset--spacing--20);padding-right:var(--wp--preset--spacing--20);padding-bottom:var(--wp--preset--spacing--20);padding-left:var(--wp--preset--spacing--20)\">\n<div class=\"wp-block-group is-style-h-100 is-vertical is-layout-flex wp-container-core-group-is-layout-0bc941e6 wp-block-group-is-layout-flex\">\n<div class=\"wp-block-group has-global-padding is-layout-constrained wp-container-core-group-is-layout-639b5052 wp-block-group-is-layout-constrained\" style=\"padding-top:0;padding-right:0;padding-bottom:0;padding-left:0\">\n<h3 class=\"wp-block-heading has-text-align-left has-titolo-medio-font-size\">5X1000<\/h3>\n\n\n\n<p class=\"\">Fai un gesto di inclusione! Dona il tuo 5\u00d71000 a Food for Soul, con la tua firma puoi contribuire a rendere i nostri progetti pi\u00f9 sostenibili e supportarci nella realizzazione della nostra missione. Basta indicare il nostro codice fiscale nella tua dichiarazione dei redditi: 994184720368<\/p>\n<\/div>\n<\/div>\n<\/div>\n\n\n\n<div class=\"wp-block-column is-vertically-aligned-stretch is-layout-flow wp-block-column-is-layout-flow\" style=\"padding-top:var(--wp--preset--spacing--20);padding-right:var(--wp--preset--spacing--20);padding-bottom:var(--wp--preset--spacing--20);padding-left:var(--wp--preset--spacing--20)\">\n<div class=\"wp-block-group is-style-h-100 is-vertical is-layout-flex wp-container-core-group-is-layout-0bc941e6 wp-block-group-is-layout-flex\">\n<div class=\"wp-block-group has-global-padding is-layout-constrained wp-container-core-group-is-layout-639b5052 wp-block-group-is-layout-constrained\" style=\"padding-top:0;padding-right:0;padding-bottom:0;padding-left:0\">\n<h3 class=\"wp-block-heading has-text-align-left has-titolo-medio-font-size\">PayPal<\/h3>\n\n\n\n<p class=\"\">Procedi con una donazione tramite PayPal<\/p>\n\n\n\n<div class=\"wp-block-buttons is-layout-flex wp-block-buttons-is-layout-flex\">\n<div class=\"wp-block-button is-style-outline is-style-outline--1\"><a class=\"wp-block-button__link wp-element-button\" href=\"https:\/\/www.paypal.com\/donate\/?cmd=_s-xclick&amp;hosted_button_id=7QCTNRBGS72XS&amp;ssrt=1744272428240\" target=\"_blank\" rel=\"noreferrer noopener\">DONA CON paypal<div class=\"btn-svg-wrap\"><svg xmlns=\"http:\/\/www.w3.org\/2000\/svg\" width=\"45.195\" height=\"20.697\" viewBox=\"0 0 45.195 20.697\">\n        <path id=\"Unione_1\" data-name=\"Unione 1\" d=\"M34.139,19.99l9.137-9.137H0v-1H43.285L34.139.706,34.846,0,45.2,10.348,34.846,20.7Z\" fill=\"#e65809\"\/>\n      <\/svg><\/div><\/a><\/div>\n<\/div>\n<\/div>\n<\/div>\n<\/div>\n\n\n\n<div class=\"wp-block-column is-vertically-aligned-stretch is-layout-flow wp-block-column-is-layout-flow\" style=\"padding-top:var(--wp--preset--spacing--20);padding-right:var(--wp--preset--spacing--20);padding-bottom:var(--wp--preset--spacing--20);padding-left:var(--wp--preset--spacing--20)\">\n<div class=\"wp-block-group is-style-h-100 is-vertical is-layout-flex wp-container-core-group-is-layout-0bc941e6 wp-block-group-is-layout-flex\">\n<div class=\"wp-block-group has-global-padding is-layout-constrained wp-container-core-group-is-layout-639b5052 wp-block-group-is-layout-constrained\" style=\"padding-top:0;padding-right:0;padding-bottom:0;padding-left:0\">\n<h3 class=\"wp-block-heading has-text-align-left has-titolo-medio-font-size\">Satispay<\/h3>\n\n\n\n<p class=\"\">Procedi con una donazione tramite Satispay<\/p>\n\n\n\n<div class=\"wp-block-buttons is-layout-flex wp-block-buttons-is-layout-flex\">\n<div class=\"wp-block-button is-style-outline is-style-outline--2\"><a class=\"wp-block-button__link wp-element-button\" href=\"https:\/\/docs.google.com\/forms\/d\/e\/1FAIpQLSf7bLO7BcdItfNjWjrIMMQXkpQfm5D5w7hCZ9i4N82UmuSXOQ\/viewform?usp=send_form\" target=\"_blank\" rel=\"noreferrer noopener\">DONA CON SATISPAY<div class=\"btn-svg-wrap\"><svg xmlns=\"http:\/\/www.w3.org\/2000\/svg\" width=\"45.195\" height=\"20.697\" viewBox=\"0 0 45.195 20.697\">\n        <path id=\"Unione_1\" data-name=\"Unione 1\" d=\"M34.139,19.99l9.137-9.137H0v-1H43.285L34.139.706,34.846,0,45.2,10.348,34.846,20.7Z\" fill=\"#e65809\"\/>\n      <\/svg><\/div><\/a><\/div>\n<\/div>\n<\/div>\n<\/div>\n<\/div>\n<\/div>\n<\/div>\n\n\n\n<p class=\"\"><\/p>\n","protected":false},"excerpt":{"rendered":"<p>Altri modi per donare Donazioni tramite bonifico bancario Food for Food for Soul, ETS, Italy Nome organizzazione:Food for Soul, EtsNome Banca: BPER BANCA S.P.A. IBAN: IT32U0538712900000002420000 SWIFT\/BIC BPMOIT22XXX, ETS, Italy 5X1000 Fai un gesto di inclusione! Dona il tuo 5\u00d71000 a Food for Soul, con la tua firma puoi contribuire a rendere i nostri progetti [&hellip;]<\/p>\n","protected":false},"author":2,"featured_media":0,"parent":0,"menu_order":0,"comment_status":"closed","ping_status":"closed","template":"","meta":{"_acf_changed":false,"footnotes":""},"class_list":["post-3465","page","type-page","status-publish","hentry"],"yoast_head":"<!-- This site is optimized with the Yoast SEO plugin v24.9 - https:\/\/yoast.com\/wordpress\/plugins\/seo\/ -->\n<title>Dona ora - Food for Soul<\/title>\n<meta name=\"robots\" content=\"index, follow, max-snippet:-1, max-image-preview:large, max-video-preview:-1\" \/>\n<link rel=\"canonical\" href=\"https:\/\/foodforsoul.it\/it\/come-donare\/\" \/>\n<meta property=\"og:locale\" content=\"it_IT\" \/>\n<meta property=\"og:type\" content=\"article\" \/>\n<meta property=\"og:title\" content=\"Dona ora - Food for Soul\" \/>\n<meta property=\"og:description\" content=\"Altri modi per donare Donazioni tramite bonifico bancario Food for Food for Soul, ETS, Italy Nome organizzazione:Food for Soul, EtsNome Banca: BPER BANCA S.P.A. IBAN: IT32U0538712900000002420000 SWIFT\/BIC BPMOIT22XXX, ETS, Italy 5X1000 Fai un gesto di inclusione! Dona il tuo 5\u00d71000 a Food for Soul, con la tua firma puoi contribuire a rendere i nostri progetti [&hellip;]\" \/>\n<meta property=\"og:url\" content=\"https:\/\/foodforsoul.it\/it\/come-donare\/\" \/>\n<meta property=\"og:site_name\" content=\"Food for Soul\" \/>\n<meta property=\"article:publisher\" content=\"https:\/\/www.facebook.com\/foodforsoul.it\/\" \/>\n<meta property=\"article:modified_time\" content=\"2025-04-30T10:01:38+00:00\" \/>\n<meta property=\"og:image\" content=\"https:\/\/foodforsoul.it\/wp-content\/uploads\/2025\/04\/food_for_soul_home_slider_03.jpg\" \/>\n\t<meta property=\"og:image:width\" content=\"2000\" \/>\n\t<meta property=\"og:image:height\" content=\"1333\" \/>\n\t<meta property=\"og:image:type\" content=\"image\/jpeg\" \/>\n<meta name=\"twitter:card\" content=\"summary_large_image\" \/>\n<meta name=\"twitter:site\" content=\"@FoodforSoul_it\" \/>\n<meta name=\"twitter:label1\" content=\"Tempo di lettura stimato\" \/>\n\t<meta name=\"twitter:data1\" content=\"4 minuti\" \/>\n<script type=\"application\/ld+json\" class=\"yoast-schema-graph\">{\"@context\":\"https:\/\/schema.org\",\"@graph\":[{\"@type\":\"WebPage\",\"@id\":\"https:\/\/foodforsoul.it\/it\/come-donare\/\",\"url\":\"https:\/\/foodforsoul.it\/it\/come-donare\/\",\"name\":\"Dona ora - Food for Soul\",\"isPartOf\":{\"@id\":\"https:\/\/foodforsoul.it\/#website\"},\"primaryImageOfPage\":{\"@id\":\"https:\/\/foodforsoul.it\/it\/come-donare\/#primaryimage\"},\"image\":{\"@id\":\"https:\/\/foodforsoul.it\/it\/come-donare\/#primaryimage\"},\"thumbnailUrl\":\"https:\/\/foodforsoul.it\/wp-content\/uploads\/2025\/04\/food_for_soul_home_slider_03-1024x682.jpg\",\"datePublished\":\"2025-04-07T13:15:41+00:00\",\"dateModified\":\"2025-04-30T10:01:38+00:00\",\"breadcrumb\":{\"@id\":\"https:\/\/foodforsoul.it\/it\/come-donare\/#breadcrumb\"},\"inLanguage\":\"it-IT\",\"potentialAction\":[{\"@type\":\"ReadAction\",\"target\":[\"https:\/\/foodforsoul.it\/it\/come-donare\/\"]}]},{\"@type\":\"ImageObject\",\"inLanguage\":\"it-IT\",\"@id\":\"https:\/\/foodforsoul.it\/it\/come-donare\/#primaryimage\",\"url\":\"https:\/\/foodforsoul.it\/wp-content\/uploads\/2025\/04\/food_for_soul_home_slider_03-1024x682.jpg\",\"contentUrl\":\"https:\/\/foodforsoul.it\/wp-content\/uploads\/2025\/04\/food_for_soul_home_slider_03-1024x682.jpg\"},{\"@type\":\"BreadcrumbList\",\"@id\":\"https:\/\/foodforsoul.it\/it\/come-donare\/#breadcrumb\",\"itemListElement\":[{\"@type\":\"ListItem\",\"position\":1,\"name\":\"Home\",\"item\":\"https:\/\/foodforsoul.it\/it\/\"},{\"@type\":\"ListItem\",\"position\":2,\"name\":\"Dona ora\"}]},{\"@type\":\"WebSite\",\"@id\":\"https:\/\/foodforsoul.it\/#website\",\"url\":\"https:\/\/foodforsoul.it\/\",\"name\":\"Food for Soul\",\"description\":\"Rescuing Food, Restoring People, Rethinking Hospitality\",\"publisher\":{\"@id\":\"https:\/\/foodforsoul.it\/#organization\"},\"potentialAction\":[{\"@type\":\"SearchAction\",\"target\":{\"@type\":\"EntryPoint\",\"urlTemplate\":\"https:\/\/foodforsoul.it\/?s={search_term_string}\"},\"query-input\":{\"@type\":\"PropertyValueSpecification\",\"valueRequired\":true,\"valueName\":\"search_term_string\"}}],\"inLanguage\":\"it-IT\"},{\"@type\":\"Organization\",\"@id\":\"https:\/\/foodforsoul.it\/#organization\",\"name\":\"Food for Soul\",\"url\":\"https:\/\/foodforsoul.it\/\",\"logo\":{\"@type\":\"ImageObject\",\"inLanguage\":\"it-IT\",\"@id\":\"https:\/\/foodforsoul.it\/#\/schema\/logo\/image\/\",\"url\":\"https:\/\/foodforsoul.it\/wp-content\/uploads\/2025\/04\/Group-141.png\",\"contentUrl\":\"https:\/\/foodforsoul.it\/wp-content\/uploads\/2025\/04\/Group-141.png\",\"width\":512,\"height\":512,\"caption\":\"Food for Soul\"},\"image\":{\"@id\":\"https:\/\/foodforsoul.it\/#\/schema\/logo\/image\/\"},\"sameAs\":[\"https:\/\/www.facebook.com\/foodforsoul.it\/\",\"https:\/\/x.com\/FoodforSoul_it\",\"https:\/\/www.instagram.com\/foodforsoul_it\/\",\"https:\/\/www.youtube.com\/channel\/UC9aHxUfKk3KkUl-8dFZqLxw\",\"https:\/\/www.linkedin.com\/company\/foodforsoul\/\"]}]}<\/script>\n<!-- \/ Yoast SEO plugin. -->","yoast_head_json":{"title":"Dona ora - Food for Soul","robots":{"index":"index","follow":"follow","max-snippet":"max-snippet:-1","max-image-preview":"max-image-preview:large","max-video-preview":"max-video-preview:-1"},"canonical":"https:\/\/foodforsoul.it\/it\/come-donare\/","og_locale":"it_IT","og_type":"article","og_title":"Dona ora - Food for Soul","og_description":"Altri modi per donare Donazioni tramite bonifico bancario Food for Food for Soul, ETS, Italy Nome organizzazione:Food for Soul, EtsNome Banca: BPER BANCA S.P.A. IBAN: IT32U0538712900000002420000 SWIFT\/BIC BPMOIT22XXX, ETS, Italy 5X1000 Fai un gesto di inclusione! Dona il tuo 5\u00d71000 a Food for Soul, con la tua firma puoi contribuire a rendere i nostri progetti [&hellip;]","og_url":"https:\/\/foodforsoul.it\/it\/come-donare\/","og_site_name":"Food for Soul","article_publisher":"https:\/\/www.facebook.com\/foodforsoul.it\/","article_modified_time":"2025-04-30T10:01:38+00:00","og_image":[{"width":2000,"height":1333,"url":"https:\/\/foodforsoul.it\/wp-content\/uploads\/2025\/04\/food_for_soul_home_slider_03.jpg","type":"image\/jpeg"}],"twitter_card":"summary_large_image","twitter_site":"@FoodforSoul_it","twitter_misc":{"Tempo di lettura stimato":"4 minuti"},"schema":{"@context":"https:\/\/schema.org","@graph":[{"@type":"WebPage","@id":"https:\/\/foodforsoul.it\/it\/come-donare\/","url":"https:\/\/foodforsoul.it\/it\/come-donare\/","name":"Dona ora - Food for Soul","isPartOf":{"@id":"https:\/\/foodforsoul.it\/#website"},"primaryImageOfPage":{"@id":"https:\/\/foodforsoul.it\/it\/come-donare\/#primaryimage"},"image":{"@id":"https:\/\/foodforsoul.it\/it\/come-donare\/#primaryimage"},"thumbnailUrl":"https:\/\/foodforsoul.it\/wp-content\/uploads\/2025\/04\/food_for_soul_home_slider_03-1024x682.jpg","datePublished":"2025-04-07T13:15:41+00:00","dateModified":"2025-04-30T10:01:38+00:00","breadcrumb":{"@id":"https:\/\/foodforsoul.it\/it\/come-donare\/#breadcrumb"},"inLanguage":"it-IT","potentialAction":[{"@type":"ReadAction","target":["https:\/\/foodforsoul.it\/it\/come-donare\/"]}]},{"@type":"ImageObject","inLanguage":"it-IT","@id":"https:\/\/foodforsoul.it\/it\/come-donare\/#primaryimage","url":"https:\/\/foodforsoul.it\/wp-content\/uploads\/2025\/04\/food_for_soul_home_slider_03-1024x682.jpg","contentUrl":"https:\/\/foodforsoul.it\/wp-content\/uploads\/2025\/04\/food_for_soul_home_slider_03-1024x682.jpg"},{"@type":"BreadcrumbList","@id":"https:\/\/foodforsoul.it\/it\/come-donare\/#breadcrumb","itemListElement":[{"@type":"ListItem","position":1,"name":"Home","item":"https:\/\/foodforsoul.it\/it\/"},{"@type":"ListItem","position":2,"name":"Dona ora"}]},{"@type":"WebSite","@id":"https:\/\/foodforsoul.it\/#website","url":"https:\/\/foodforsoul.it\/","name":"Food for Soul","description":"Rescuing Food, Restoring People, Rethinking Hospitality","publisher":{"@id":"https:\/\/foodforsoul.it\/#organization"},"potentialAction":[{"@type":"SearchAction","target":{"@type":"EntryPoint","urlTemplate":"https:\/\/foodforsoul.it\/?s={search_term_string}"},"query-input":{"@type":"PropertyValueSpecification","valueRequired":true,"valueName":"search_term_string"}}],"inLanguage":"it-IT"},{"@type":"Organization","@id":"https:\/\/foodforsoul.it\/#organization","name":"Food for Soul","url":"https:\/\/foodforsoul.it\/","logo":{"@type":"ImageObject","inLanguage":"it-IT","@id":"https:\/\/foodforsoul.it\/#\/schema\/logo\/image\/","url":"https:\/\/foodforsoul.it\/wp-content\/uploads\/2025\/04\/Group-141.png","contentUrl":"https:\/\/foodforsoul.it\/wp-content\/uploads\/2025\/04\/Group-141.png","width":512,"height":512,"caption":"Food for Soul"},"image":{"@id":"https:\/\/foodforsoul.it\/#\/schema\/logo\/image\/"},"sameAs":["https:\/\/www.facebook.com\/foodforsoul.it\/","https:\/\/x.com\/FoodforSoul_it","https:\/\/www.instagram.com\/foodforsoul_it\/","https:\/\/www.youtube.com\/channel\/UC9aHxUfKk3KkUl-8dFZqLxw","https:\/\/www.linkedin.com\/company\/foodforsoul\/"]}]}},"acf":[],"_links":{"self":[{"href":"https:\/\/foodforsoul.it\/it\/wp-json\/wp\/v2\/pages\/3465","targetHints":{"allow":["GET"]}}],"collection":[{"href":"https:\/\/foodforsoul.it\/it\/wp-json\/wp\/v2\/pages"}],"about":[{"href":"https:\/\/foodforsoul.it\/it\/wp-json\/wp\/v2\/types\/page"}],"author":[{"embeddable":true,"href":"https:\/\/foodforsoul.it\/it\/wp-json\/wp\/v2\/users\/2"}],"replies":[{"embeddable":true,"href":"https:\/\/foodforsoul.it\/it\/wp-json\/wp\/v2\/comments?post=3465"}],"version-history":[{"count":5,"href":"https:\/\/foodforsoul.it\/it\/wp-json\/wp\/v2\/pages\/3465\/revisions"}],"predecessor-version":[{"id":3473,"href":"https:\/\/foodforsoul.it\/it\/wp-json\/wp\/v2\/pages\/3465\/revisions\/3473"}],"wp:attachment":[{"href":"https:\/\/foodforsoul.it\/it\/wp-json\/wp\/v2\/media?parent=3465"}],"curies":[{"name":"wp","href":"https:\/\/api.w.org\/{rel}","templated":true}]}}